{"id":2,"date":"2020-01-11T18:34:17","date_gmt":"2020-01-11T17:34:17","guid":{"rendered":"http:\/\/51.75.21.37\/?page_id=2"},"modified":"2026-02-16T13:30:02","modified_gmt":"2026-02-16T12:30:02","slug":"page-d-exemple","status":"publish","type":"page","link":"https:\/\/anes-ok.be\/nl\/","title":{"rendered":"Startpagina"},"content":{"rendered":"<h3 class=\"wp-block-heading\"> PRIJS VAN EEN WANDELING <\/h3>\n\n\n\n<div class=\"wp-block-columns is-layout-flex wp-container-core-columns-is-layout-28f84493 wp-block-columns-is-layout-flex\">\n<div class=\"wp-block-column is-layout-flow wp-block-column-is-layout-flow\" style=\"flex-basis:66.66%\">\n<div class=\"wp-block-columns is-layout-flex wp-container-core-columns-is-layout-28f84493 wp-block-columns-is-layout-flex\">\n<div class=\"wp-block-column is-layout-flow wp-block-column-is-layout-flow\">\n<figure class=\"wp-block-table\"><table><tbody><tr><td> <strong>1 uur<\/strong> <\/td><td><strong>14 \u20ac<\/strong><\/td><\/tr><tr><td><strong>2 heures<\/strong><\/td><td><strong>28 \u20ac<\/strong><\/td><\/tr><tr><td> <strong>1\/2 dag<\/strong> <\/td><td><strong>32 \u20ac<\/strong><\/td><\/tr><tr><td> <strong>1 dag<\/strong> <\/td><td><strong>56 \u20ac<\/strong><\/td><\/tr><tr><td> <strong>1 week<\/strong> <\/td><td><strong>te bespreken<\/strong> <\/td><\/tr><\/tbody><\/table><\/figure>\n<\/div>\n\n\n\n<div class=\"wp-block-column is-layout-flow wp-block-column-is-layout-flow\"><\/div>\n<\/div>\n\n\n\n<p> We lenen u&nbsp;<strong>een kaart van de streek<\/strong>.<br>Uit eerbied voor de ezels en ten einde de agenda ten beste te organiseren&nbsp;<strong>ou het gewenst zijn dat u voor een halve dag of meer van tevoren boekt<\/strong>.<br>Op aanvraag kunnen we ons verplaatsen om de ezels op een gegeven plaats terug te holen (een bijdrage per km wordt gevraagd).<br><strong>Tijdens de rit de ezel is de verantwoordelijkheid van de persoon die huurt het.<\/strong> <\/p>\n<\/div>\n\n\n\n<div class=\"wp-block-column is-vertically-aligned-center is-layout-flow wp-block-column-is-layout-flow\" style=\"flex-basis:33.33%\"><div class=\"wp-block-image\">\n<figure class=\"aligncenter size-large\"><img decoding=\"async\" src=\"https:\/\/anes-ok.local\/newanes\/wp-content\/uploads\/2020\/01\/anes.png\" alt=\"\" class=\"wp-image-18\"\/><\/figure>\n<\/div><\/div>\n<\/div>\n\n\n\n<h3 class=\"wp-block-heading\"> TWEE DAGEN WANDELEN <\/h3>\n\n\n\n<div class=\"wp-block-columns is-layout-flex wp-container-core-columns-is-layout-28f84493 wp-block-columns-is-layout-flex\">\n<div class=\"wp-block-column is-vertically-aligned-center is-layout-flow wp-block-column-is-layout-flow\" style=\"flex-basis:33.33%\">\n<figure class=\"wp-block-image size-large\"><img decoding=\"async\" src=\"https:\/\/anes-ok.local\/newanes\/wp-content\/uploads\/2020\/01\/anes-2.png\" alt=\"\" class=\"wp-image-19\"\/><\/figure>\n<\/div>\n\n\n\n<div class=\"wp-block-column is-vertically-aligned-center is-layout-flow wp-block-column-is-layout-flow\" style=\"flex-basis:66.66%\">\n<p> (15 km de eerste dag, tweede dag 12 km)<br><strong>Uit een gezin met ezels \u2026<\/strong><br>Ontdek de prachtige landschappen in de streek van de Venen \u2026 Met een beetje geluk,&nbsp;<strong>zie wild<\/strong>&nbsp;(herten, ree\u00ebn, wilde zwijnen)\u2026<br><strong>Toonhoogte een tent<\/strong>&nbsp;in de buurt van een huisje waar u kunt genieten, indien gewenst, een bron van water voor het toilet.&nbsp;<strong>Huren het huisje<\/strong>&nbsp;als je niet wilt slapen in tenten, \u2026<br>Ons gezin is het eerste deel : 4 volwassenen, 4 kinderen, 2 ezels.&nbsp;<strong>Gewapend met een kaart en uitleg<\/strong>&nbsp;van wat ze zouden gaan om te ontdekken dat ze terugkwamen enthousiast om hun avonturen en klaar om te gaan. <\/p>\n<\/div>\n<\/div>\n\n\n\n<p>\n\nDus wat verwacht je?<br><strong>Aarzel niet \u2026 Neem contact met ons. Met plezier zullen wij u informeren.<\/strong><\/p>\n\n\n\n<p>Tot ziens.\n\n<\/p>","protected":false},"excerpt":{"rendered":"<p>PRIX D\u2019UNE PROMENADE 1 heure 14 \u20ac 2 heures 28 \u20ac 1\/2 journ\u00e9e 32 \u20ac 1 journ\u00e9e 56 \u20ac 1 semaine \u00e0 discuter Nous vous pr\u00eatons&nbsp;une carte de la r\u00e9gion de Francorchamps.Par respect pour les \u00e2nes et afin d\u2019organiser au mieux l\u2019agenda il est souhaitable de&nbsp;r\u00e9server pr\u00e9alablement pour une demi-journ\u00e9e [&hellip;]<\/p>\n","protected":false},"author":1,"featured_media":24,"parent":0,"menu_order":0,"comment_status":"closed","ping_status":"open","template":"","meta":{"footnotes":""},"class_list":["post-2","page","type-page","status-publish","has-post-thumbnail","hentry"],"yoast_head":"<!-- This site is optimized with the Yoast SEO plugin v26.9 - https:\/\/yoast.com\/product\/yoast-seo-wordpress\/ -->\n<title>Accueil - \u00c2nes-OK<\/title>\n<meta name=\"robots\" content=\"index, follow, max-snippet:-1, max-image-preview:large, max-video-preview:-1\" \/>\n<link rel=\"canonical\" href=\"https:\/\/anes-ok.be\/nl\/\" \/>\n<meta property=\"og:locale\" content=\"nl_NL\" \/>\n<meta property=\"og:type\" content=\"article\" \/>\n<meta property=\"og:title\" content=\"Accueil - \u00c2nes-OK\" \/>\n<meta property=\"og:description\" content=\"PRIX D\u2019UNE PROMENADE 1 heure 14 \u20ac 2 heures 28 \u20ac 1\/2 journ\u00e9e 32 \u20ac 1 journ\u00e9e 56 \u20ac 1 semaine \u00e0 discuter Nous vous pr\u00eatons&nbsp;une carte de la r\u00e9gion de Francorchamps.Par respect pour les \u00e2nes et afin d\u2019organiser au mieux l\u2019agenda il est souhaitable de&nbsp;r\u00e9server pr\u00e9alablement pour une demi-journ\u00e9e [&hellip;]\" \/>\n<meta property=\"og:url\" content=\"https:\/\/anes-ok.be\/nl\/\" \/>\n<meta property=\"og:site_name\" content=\"\u00c2nes-OK\" \/>\n<meta property=\"article:modified_time\" content=\"2026-02-16T12:30:02+00:00\" \/>\n<meta property=\"og:image\" content=\"https:\/\/anes-ok.be\/wp-content\/uploads\/2020\/01\/paysages_014.jpg\" \/>\n\t<meta property=\"og:image:width\" content=\"800\" \/>\n\t<meta property=\"og:image:height\" content=\"534\" \/>\n\t<meta property=\"og:image:type\" content=\"image\/jpeg\" \/>\n<meta name=\"twitter:card\" content=\"summary_large_image\" \/>\n<meta name=\"twitter:label1\" content=\"Verwachte leestijd\" \/>\n\t<meta name=\"twitter:data1\" content=\"2 minuten\" \/>\n<script type=\"application\/ld+json\" class=\"yoast-schema-graph\">{\"@context\":\"https:\/\/schema.org\",\"@graph\":[{\"@type\":\"WebPage\",\"@id\":\"https:\/\/anes-ok.be\/\",\"url\":\"https:\/\/anes-ok.be\/\",\"name\":\"Accueil - \u00c2nes-OK\",\"isPartOf\":{\"@id\":\"https:\/\/anes-ok.be\/#website\"},\"primaryImageOfPage\":{\"@id\":\"https:\/\/anes-ok.be\/#primaryimage\"},\"image\":{\"@id\":\"https:\/\/anes-ok.be\/#primaryimage\"},\"thumbnailUrl\":\"https:\/\/anes-ok.be\/wp-content\/uploads\/2020\/01\/paysages_014.jpg\",\"datePublished\":\"2020-01-11T17:34:17+00:00\",\"dateModified\":\"2026-02-16T12:30:02+00:00\",\"breadcrumb\":{\"@id\":\"https:\/\/anes-ok.be\/#breadcrumb\"},\"inLanguage\":\"nl-NL\",\"potentialAction\":[{\"@type\":\"ReadAction\",\"target\":[\"https:\/\/anes-ok.be\/\"]}]},{\"@type\":\"ImageObject\",\"inLanguage\":\"nl-NL\",\"@id\":\"https:\/\/anes-ok.be\/#primaryimage\",\"url\":\"https:\/\/anes-ok.be\/wp-content\/uploads\/2020\/01\/paysages_014.jpg\",\"contentUrl\":\"https:\/\/anes-ok.be\/wp-content\/uploads\/2020\/01\/paysages_014.jpg\",\"width\":800,\"height\":534},{\"@type\":\"BreadcrumbList\",\"@id\":\"https:\/\/anes-ok.be\/#breadcrumb\",\"itemListElement\":[{\"@type\":\"ListItem\",\"position\":1,\"name\":\"Accueil\",\"item\":\"https:\/\/anes-ok.be\/\"},{\"@type\":\"ListItem\",\"position\":2,\"name\":\"Accueil\"}]},{\"@type\":\"WebSite\",\"@id\":\"https:\/\/anes-ok.be\/#website\",\"url\":\"https:\/\/anes-ok.be\/\",\"name\":\"\u00c2nes-OK\",\"description\":\"Location - Promenade avec un \u00e2ne \u00e0 Hockai dans les Hautes Fagnes pr\u00e8s de Francorchamps\",\"publisher\":{\"@id\":\"https:\/\/anes-ok.be\/#organization\"},\"potentialAction\":[{\"@type\":\"SearchAction\",\"target\":{\"@type\":\"EntryPoint\",\"urlTemplate\":\"https:\/\/anes-ok.be\/?s={search_term_string}\"},\"query-input\":{\"@type\":\"PropertyValueSpecification\",\"valueRequired\":true,\"valueName\":\"search_term_string\"}}],\"inLanguage\":\"nl-NL\"},{\"@type\":\"Organization\",\"@id\":\"https:\/\/anes-ok.be\/#organization\",\"name\":\"\u00c2nes-OK\",\"url\":\"https:\/\/anes-ok.be\/\",\"logo\":{\"@type\":\"ImageObject\",\"inLanguage\":\"nl-NL\",\"@id\":\"https:\/\/anes-ok.be\/#\/schema\/logo\/image\/\",\"url\":\"https:\/\/anes-ok.be\/wp-content\/uploads\/2020\/01\/logo.png\",\"contentUrl\":\"https:\/\/anes-ok.be\/wp-content\/uploads\/2020\/01\/logo.png\",\"width\":250,\"height\":46,\"caption\":\"\u00c2nes-OK\"},\"image\":{\"@id\":\"https:\/\/anes-ok.be\/#\/schema\/logo\/image\/\"}}]}<\/script>\n<!-- \/ Yoast SEO plugin. -->","yoast_head_json":{"title":"Accueil - \u00c2nes-OK","robots":{"index":"index","follow":"follow","max-snippet":"max-snippet:-1","max-image-preview":"max-image-preview:large","max-video-preview":"max-video-preview:-1"},"canonical":"https:\/\/anes-ok.be\/nl\/","og_locale":"nl_NL","og_type":"article","og_title":"Accueil - \u00c2nes-OK","og_description":"PRIX D\u2019UNE PROMENADE 1 heure 14 \u20ac 2 heures 28 \u20ac 1\/2 journ\u00e9e 32 \u20ac 1 journ\u00e9e 56 \u20ac 1 semaine \u00e0 discuter Nous vous pr\u00eatons&nbsp;une carte de la r\u00e9gion de Francorchamps.Par respect pour les \u00e2nes et afin d\u2019organiser au mieux l\u2019agenda il est souhaitable de&nbsp;r\u00e9server pr\u00e9alablement pour une demi-journ\u00e9e [&hellip;]","og_url":"https:\/\/anes-ok.be\/nl\/","og_site_name":"\u00c2nes-OK","article_modified_time":"2026-02-16T12:30:02+00:00","og_image":[{"width":800,"height":534,"url":"https:\/\/anes-ok.be\/wp-content\/uploads\/2020\/01\/paysages_014.jpg","type":"image\/jpeg"}],"twitter_card":"summary_large_image","twitter_misc":{"Verwachte leestijd":"2 minuten"},"schema":{"@context":"https:\/\/schema.org","@graph":[{"@type":"WebPage","@id":"https:\/\/anes-ok.be\/","url":"https:\/\/anes-ok.be\/","name":"Accueil - \u00c2nes-OK","isPartOf":{"@id":"https:\/\/anes-ok.be\/#website"},"primaryImageOfPage":{"@id":"https:\/\/anes-ok.be\/#primaryimage"},"image":{"@id":"https:\/\/anes-ok.be\/#primaryimage"},"thumbnailUrl":"https:\/\/anes-ok.be\/wp-content\/uploads\/2020\/01\/paysages_014.jpg","datePublished":"2020-01-11T17:34:17+00:00","dateModified":"2026-02-16T12:30:02+00:00","breadcrumb":{"@id":"https:\/\/anes-ok.be\/#breadcrumb"},"inLanguage":"nl-NL","potentialAction":[{"@type":"ReadAction","target":["https:\/\/anes-ok.be\/"]}]},{"@type":"ImageObject","inLanguage":"nl-NL","@id":"https:\/\/anes-ok.be\/#primaryimage","url":"https:\/\/anes-ok.be\/wp-content\/uploads\/2020\/01\/paysages_014.jpg","contentUrl":"https:\/\/anes-ok.be\/wp-content\/uploads\/2020\/01\/paysages_014.jpg","width":800,"height":534},{"@type":"BreadcrumbList","@id":"https:\/\/anes-ok.be\/#breadcrumb","itemListElement":[{"@type":"ListItem","position":1,"name":"Accueil","item":"https:\/\/anes-ok.be\/"},{"@type":"ListItem","position":2,"name":"Accueil"}]},{"@type":"WebSite","@id":"https:\/\/anes-ok.be\/#website","url":"https:\/\/anes-ok.be\/","name":"\u00c2nes-OK","description":"Location - Promenade avec un \u00e2ne \u00e0 Hockai dans les Hautes Fagnes pr\u00e8s de Francorchamps","publisher":{"@id":"https:\/\/anes-ok.be\/#organization"},"potentialAction":[{"@type":"SearchAction","target":{"@type":"EntryPoint","urlTemplate":"https:\/\/anes-ok.be\/?s={search_term_string}"},"query-input":{"@type":"PropertyValueSpecification","valueRequired":true,"valueName":"search_term_string"}}],"inLanguage":"nl-NL"},{"@type":"Organization","@id":"https:\/\/anes-ok.be\/#organization","name":"\u00c2nes-OK","url":"https:\/\/anes-ok.be\/","logo":{"@type":"ImageObject","inLanguage":"nl-NL","@id":"https:\/\/anes-ok.be\/#\/schema\/logo\/image\/","url":"https:\/\/anes-ok.be\/wp-content\/uploads\/2020\/01\/logo.png","contentUrl":"https:\/\/anes-ok.be\/wp-content\/uploads\/2020\/01\/logo.png","width":250,"height":46,"caption":"\u00c2nes-OK"},"image":{"@id":"https:\/\/anes-ok.be\/#\/schema\/logo\/image\/"}}]}},"_links":{"self":[{"href":"https:\/\/anes-ok.be\/nl\/wp-json\/wp\/v2\/pages\/2","targetHints":{"allow":["GET"]}}],"collection":[{"href":"https:\/\/anes-ok.be\/nl\/wp-json\/wp\/v2\/pages"}],"about":[{"href":"https:\/\/anes-ok.be\/nl\/wp-json\/wp\/v2\/types\/page"}],"author":[{"embeddable":true,"href":"https:\/\/anes-ok.be\/nl\/wp-json\/wp\/v2\/users\/1"}],"replies":[{"embeddable":true,"href":"https:\/\/anes-ok.be\/nl\/wp-json\/wp\/v2\/comments?post=2"}],"version-history":[{"count":4,"href":"https:\/\/anes-ok.be\/nl\/wp-json\/wp\/v2\/pages\/2\/revisions"}],"predecessor-version":[{"id":74,"href":"https:\/\/anes-ok.be\/nl\/wp-json\/wp\/v2\/pages\/2\/revisions\/74"}],"wp:featuredmedia":[{"embeddable":true,"href":"https:\/\/anes-ok.be\/nl\/wp-json\/wp\/v2\/media\/24"}],"wp:attachment":[{"href":"https:\/\/anes-ok.be\/nl\/wp-json\/wp\/v2\/media?parent=2"}],"curies":[{"name":"wp","href":"https:\/\/api.w.org\/{rel}","templated":true}]}}